{"id":3,"date":"2026-03-25T16:20:50","date_gmt":"2026-03-25T16:20:50","guid":{"rendered":"http:\/\/md80jcauws.preview.infomaniak.website\/?page_id=3"},"modified":"2026-04-15T10:30:42","modified_gmt":"2026-04-15T10:30:42","slug":"politique-confidentialite","status":"publish","type":"page","link":"https:\/\/www.tripdeals.ch\/en\/politique-confidentialite\/","title":{"rendered":"Privacy Policy"},"content":{"rendered":"<h1 id=\"gspb_heading-id-gsbp-002e27f\" class=\"gspb_heading gspb_heading-id-gsbp-002e27f\">Privacy Policy<\/h1>\n\n\n\n<p class=\"translation-block\">The protection of your privacy is at the heart of <strong>TripDeals.ch<\/strong>'s commitment. This policy details our rigor in processing your data in accordance with the Swiss <strong>Federal Act on Data Protection (FADP)<\/strong> and the European <strong>GDPR<\/strong>.<\/p>\n\n\n\n<h2 class=\"wp-block-heading\" id=\"1-responsable-du-traitement-et-contact\">1. Data Controller and Contact<\/h2>\n\n\n\n<p class=\"translation-block\">Data processing is handled by: <strong>Parking Avenue SAS<\/strong> MSA, 41A route des Jeunes 1227 Carouge \u2013 Geneva, Switzerland.<\/p>\n\n\n\n<h2 class=\"wp-block-heading\" id=\"2-notre-philosophie-la-neutralite-des-donnees\">2. Our Philosophy: Data Neutrality<\/h2>\n\n\n\n<p class=\"translation-block\">Unlike many comparison sites, <strong>TripDeals.ch does not sell or rent your personal data.<\/strong> We do not create \"user profiles\" to sell you intrusive targeted advertising. Our business is recommending great deals (flights, skiing, activities), not trading data.<\/p>\n\n\n\n<h2 class=\"wp-block-heading\" id=\"3-donnees-collectees-et-finalites\">3. Collected Data and Purposes<\/h2>\n\n\n\n<p>We collect minimal information for two specific objectives:<\/p>\n\n\n\n<p class=\"translation-block\"><strong>Affiliate Traceability:<\/strong> When you click on a booking button, a technical identifier is generated. This simply tells the partner (e.g., SWISS or Ticketcorner): <em>\"This visitor comes from TripDeals.ch\"<\/em>.<\/p>\n\n\n\n<p class=\"translation-block\"><strong>Experience Optimization (Analytics):<\/strong> We analyze your navigation (pages visited, time spent) in an <strong>anonymized<\/strong> manner. This allows us to know if our guide on \"Snow\u2019n\u2019Rail\" is useful or if it needs to be improved.<\/p>\n\n\n\n<h2 class=\"wp-block-heading\" id=\"4-securite-des-transactions-un-rempart-total\">4. Transaction Security: A Total Safeguard<\/h2>\n\n\n\n<p class=\"translation-block\"><strong>TripDeals.ch is not a merchant site.<\/strong> <strong>Important:<\/strong> We will <strong>never<\/strong> ask for your credit card number, bank details, or booking passwords. All financial transactions take place exclusively on our partners' secure platforms. Your payment security therefore depends directly on the infrastructure of these industry giants.<\/p>","protected":false},"excerpt":{"rendered":"<p>La protection de votre sph\u00e8re priv\u00e9e est au c\u0153ur de l&#8217;engagement de TripDeals.ch. Cette politique d\u00e9taille notre rigueur dans le traitement de vos donn\u00e9es conform\u00e9ment \u00e0 la Loi f\u00e9d\u00e9rale sur la protection des donn\u00e9es (LPD) en Suisse et au RGPD europ\u00e9en. 1. Responsable du traitement et Contact Le traitement des donn\u00e9es est assur\u00e9 par : [&hellip;]<\/p>\n","protected":false},"author":1,"featured_media":0,"parent":0,"menu_order":0,"comment_status":"closed","ping_status":"open","template":"","meta":{"_acf_changed":false,"_gspb_post_css":"#gspb_heading-id-gsbp-002e27f{margin-top:50px}","footnotes":""},"class_list":["post-3","page","type-page","status-publish","hentry"],"blocksy_meta":{"has_hero_section":"disabled","styles_descriptor":{"styles":{"desktop":"[data-prefix=\"single_page\"] [class*=\"ct-container\"] > article[class*=\"post\"] {--has-boxed:var(--false);--has-wide:var(--true);}","tablet":"","mobile":""},"google_fonts":[],"version":6},"content_style_source":"custom","vertical_spacing_source":"custom","content_area_spacing":"both"},"acf":[],"_links":{"self":[{"href":"https:\/\/www.tripdeals.ch\/en\/wp-json\/wp\/v2\/pages\/3","targetHints":{"allow":["GET"]}}],"collection":[{"href":"https:\/\/www.tripdeals.ch\/en\/wp-json\/wp\/v2\/pages"}],"about":[{"href":"https:\/\/www.tripdeals.ch\/en\/wp-json\/wp\/v2\/types\/page"}],"author":[{"embeddable":true,"href":"https:\/\/www.tripdeals.ch\/en\/wp-json\/wp\/v2\/users\/1"}],"replies":[{"embeddable":true,"href":"https:\/\/www.tripdeals.ch\/en\/wp-json\/wp\/v2\/comments?post=3"}],"version-history":[{"count":5,"href":"https:\/\/www.tripdeals.ch\/en\/wp-json\/wp\/v2\/pages\/3\/revisions"}],"predecessor-version":[{"id":3150,"href":"https:\/\/www.tripdeals.ch\/en\/wp-json\/wp\/v2\/pages\/3\/revisions\/3150"}],"wp:attachment":[{"href":"https:\/\/www.tripdeals.ch\/en\/wp-json\/wp\/v2\/media?parent=3"}],"curies":[{"name":"wp","href":"https:\/\/api.w.org\/{rel}","templated":true}]}}